{"id":17,"date":"2025-08-22T15:28:50","date_gmt":"2025-08-22T15:28:50","guid":{"rendered":"https:\/\/sofoodbyaldo.be\/?page_id=17"},"modified":"2025-10-27T16:06:19","modified_gmt":"2025-10-27T16:06:19","slug":"a-propos-de","status":"publish","type":"page","link":"https:\/\/sofoodbyaldo.be\/index.php\/a-propos-de\/","title":{"rendered":"\u00c0 propos de"},"content":{"rendered":"\n<p>Vous pourriez \u00eatre un artiste et vouloir pr\u00e9senter vos travaux et vous m\u00eame, ou encore \u00eatre une entreprise avec une mission \u00e0 promouvoir.<\/p>\n\n\n\n<figure class=\"wp-block-image size-large\"><img loading=\"lazy\" decoding=\"async\" width=\"1024\" height=\"768\" src=\"http:\/\/sofoodbyaldo.be\/wp-content\/uploads\/2025\/08\/IMG_2027-1024x768.jpeg\" alt=\"\" class=\"wp-image-29\" srcset=\"https:\/\/sofoodbyaldo.be\/wp-content\/uploads\/2025\/08\/IMG_2027-1024x768.jpeg 1024w, https:\/\/sofoodbyaldo.be\/wp-content\/uploads\/2025\/08\/IMG_2027-300x225.jpeg 300w, https:\/\/sofoodbyaldo.be\/wp-content\/uploads\/2025\/08\/IMG_2027-768x576.jpeg 768w, https:\/\/sofoodbyaldo.be\/wp-content\/uploads\/2025\/08\/IMG_2027-1536x1152.jpeg 1536w, https:\/\/sofoodbyaldo.be\/wp-content\/uploads\/2025\/08\/IMG_2027-2048x1536.jpeg 2048w\" sizes=\"auto, (max-width: 767px) 89vw, (max-width: 1000px) 54vw, (max-width: 1071px) 543px, 580px\" \/><\/figure>\n","protected":false},"excerpt":{"rendered":"<p>Vous pourriez \u00eatre un artiste et vouloir pr\u00e9senter vos travaux et vous m\u00eame, ou encore \u00eatre une entreprise avec une mission \u00e0 promouvoir.<\/p>\n","protected":false},"author":1,"featured_media":29,"parent":0,"menu_order":0,"comment_status":"closed","ping_status":"closed","template":"","meta":{"footnotes":""},"class_list":["post-17","page","type-page","status-publish","has-post-thumbnail","hentry"],"_links":{"self":[{"href":"https:\/\/sofoodbyaldo.be\/index.php\/wp-json\/wp\/v2\/pages\/17","targetHints":{"allow":["GET"]}}],"collection":[{"href":"https:\/\/sofoodbyaldo.be\/index.php\/wp-json\/wp\/v2\/pages"}],"about":[{"href":"https:\/\/sofoodbyaldo.be\/index.php\/wp-json\/wp\/v2\/types\/page"}],"author":[{"embeddable":true,"href":"https:\/\/sofoodbyaldo.be\/index.php\/wp-json\/wp\/v2\/users\/1"}],"replies":[{"embeddable":true,"href":"https:\/\/sofoodbyaldo.be\/index.php\/wp-json\/wp\/v2\/comments?post=17"}],"version-history":[{"count":2,"href":"https:\/\/sofoodbyaldo.be\/index.php\/wp-json\/wp\/v2\/pages\/17\/revisions"}],"predecessor-version":[{"id":72,"href":"https:\/\/sofoodbyaldo.be\/index.php\/wp-json\/wp\/v2\/pages\/17\/revisions\/72"}],"wp:featuredmedia":[{"embeddable":true,"href":"https:\/\/sofoodbyaldo.be\/index.php\/wp-json\/wp\/v2\/media\/29"}],"wp:attachment":[{"href":"https:\/\/sofoodbyaldo.be\/index.php\/wp-json\/wp\/v2\/media?parent=17"}],"curies":[{"name":"wp","href":"https:\/\/api.w.org\/{rel}","templated":true}]}}